{"id":22,"date":"2025-04-12T16:26:08","date_gmt":"2025-04-12T16:26:08","guid":{"rendered":"https:\/\/novamob.fr\/?page_id=22"},"modified":"2025-04-15T09:39:40","modified_gmt":"2025-04-15T09:39:40","slug":"accueil","status":"publish","type":"page","link":"https:\/\/novamob.fr\/","title":{"rendered":"accueil"},"content":{"rendered":"\n<iframe id=\"vsr-iframe\" height=\"auto\" width=\"100%\" style=\" border: none; overflow: hidden; overflow-x: hidden; overflow-y: hidden; \" allow=\"clipboard-write;\" title=\"VSR\" >Loading&#8230;<\/iframe > <script> const iframeOrigin = \"https:\/\/vsr.daaily.com\"; const defaultLang = \"fr\"; const distributorId = \"10038099\"; const vsrAutoLoad = true; const vsrSettings = \"10\"; <\/script> <script src=\"https:\/\/vsr.daaily.com\/vsr.js\"><\/script>\n","protected":false},"excerpt":{"rendered":"<p>Loading&#8230;<\/p>\n","protected":false},"author":1,"featured_media":0,"parent":0,"menu_order":0,"comment_status":"closed","ping_status":"closed","template":"","meta":{"footnotes":""},"class_list":["post-22","page","type-page","status-publish","hentry"],"yoast_head":"<!-- This site is optimized with the Yoast SEO plugin v27.2 - https:\/\/yoast.com\/product\/yoast-seo-wordpress\/ -->\n<title>Novamob, le meilleur du mobilier design au meilleur prix en Dordogne<\/title>\n<meta name=\"description\" content=\"Boutique de mobilier design \u00e0 P\u00e9rigueux, Novamob vous propose les meilleures marques et meilleurs designers pour \u00e9quiper vos int\u00e9rieurs.\" \/>\n<meta name=\"robots\" content=\"index, follow, max-snippet:-1, max-image-preview:large, max-video-preview:-1\" \/>\n<link rel=\"canonical\" href=\"https:\/\/novamob.fr\/\" \/>\n<meta property=\"og:locale\" content=\"fr_FR\" \/>\n<meta property=\"og:type\" content=\"article\" \/>\n<meta property=\"og:title\" content=\"Novamob, le meilleur du mobilier design au meilleur prix en Dordogne\" \/>\n<meta property=\"og:description\" content=\"Boutique de mobilier design \u00e0 P\u00e9rigueux, Novamob vous propose les meilleures marques et meilleurs designers pour \u00e9quiper vos int\u00e9rieurs.\" \/>\n<meta property=\"og:url\" content=\"https:\/\/novamob.fr\/\" \/>\n<meta property=\"og:site_name\" content=\"Novamob\" \/>\n<meta property=\"article:modified_time\" content=\"2025-04-15T09:39:40+00:00\" \/>\n<meta name=\"twitter:card\" content=\"summary_large_image\" \/>\n<meta name=\"twitter:label1\" content=\"Dur\u00e9e de lecture estim\u00e9e\" \/>\n\t<meta name=\"twitter:data1\" content=\"1 minute\" \/>\n<script type=\"application\/ld+json\" class=\"yoast-schema-graph\">{\"@context\":\"https:\/\/schema.org\",\"@graph\":[{\"@type\":\"WebPage\",\"@id\":\"https:\/\/novamob.fr\/\",\"url\":\"https:\/\/novamob.fr\/\",\"name\":\"Novamob, le meilleur du mobilier design au meilleur prix en Dordogne\",\"isPartOf\":{\"@id\":\"https:\/\/novamob.fr\/#website\"},\"datePublished\":\"2025-04-12T16:26:08+00:00\",\"dateModified\":\"2025-04-15T09:39:40+00:00\",\"description\":\"Boutique de mobilier design \u00e0 P\u00e9rigueux, Novamob vous propose les meilleures marques et meilleurs designers pour \u00e9quiper vos int\u00e9rieurs.\",\"breadcrumb\":{\"@id\":\"https:\/\/novamob.fr\/#breadcrumb\"},\"inLanguage\":\"fr-FR\",\"potentialAction\":[{\"@type\":\"ReadAction\",\"target\":[\"https:\/\/novamob.fr\/\"]}]},{\"@type\":\"BreadcrumbList\",\"@id\":\"https:\/\/novamob.fr\/#breadcrumb\",\"itemListElement\":[{\"@type\":\"ListItem\",\"position\":1,\"name\":\"Accueil\",\"item\":\"https:\/\/novamob.fr\/\"},{\"@type\":\"ListItem\",\"position\":2,\"name\":\"accueil\"}]},{\"@type\":\"WebSite\",\"@id\":\"https:\/\/novamob.fr\/#website\",\"url\":\"https:\/\/novamob.fr\/\",\"name\":\"Novamob\",\"description\":\"mobilier design des meilleurs designers au meilleur prix\",\"publisher\":{\"@id\":\"https:\/\/novamob.fr\/#organization\"},\"potentialAction\":[{\"@type\":\"SearchAction\",\"target\":{\"@type\":\"EntryPoint\",\"urlTemplate\":\"https:\/\/novamob.fr\/?s={search_term_string}\"},\"query-input\":{\"@type\":\"PropertyValueSpecification\",\"valueRequired\":true,\"valueName\":\"search_term_string\"}}],\"inLanguage\":\"fr-FR\"},{\"@type\":\"Organization\",\"@id\":\"https:\/\/novamob.fr\/#organization\",\"name\":\"Novamob\",\"url\":\"https:\/\/novamob.fr\/\",\"logo\":{\"@type\":\"ImageObject\",\"inLanguage\":\"fr-FR\",\"@id\":\"https:\/\/novamob.fr\/#\/schema\/logo\/image\/\",\"url\":\"https:\/\/novamob.fr\/wp-content\/uploads\/2025\/04\/novamob-mobilier-design.jpg\",\"contentUrl\":\"https:\/\/novamob.fr\/wp-content\/uploads\/2025\/04\/novamob-mobilier-design.jpg\",\"width\":400,\"height\":225,\"caption\":\"Novamob\"},\"image\":{\"@id\":\"https:\/\/novamob.fr\/#\/schema\/logo\/image\/\"}}]}<\/script>\n<!-- \/ Yoast SEO plugin. -->","yoast_head_json":{"title":"Novamob, le meilleur du mobilier design au meilleur prix en Dordogne","description":"Boutique de mobilier design \u00e0 P\u00e9rigueux, Novamob vous propose les meilleures marques et meilleurs designers pour \u00e9quiper vos int\u00e9rieurs.","robots":{"index":"index","follow":"follow","max-snippet":"max-snippet:-1","max-image-preview":"max-image-preview:large","max-video-preview":"max-video-preview:-1"},"canonical":"https:\/\/novamob.fr\/","og_locale":"fr_FR","og_type":"article","og_title":"Novamob, le meilleur du mobilier design au meilleur prix en Dordogne","og_description":"Boutique de mobilier design \u00e0 P\u00e9rigueux, Novamob vous propose les meilleures marques et meilleurs designers pour \u00e9quiper vos int\u00e9rieurs.","og_url":"https:\/\/novamob.fr\/","og_site_name":"Novamob","article_modified_time":"2025-04-15T09:39:40+00:00","twitter_card":"summary_large_image","twitter_misc":{"Dur\u00e9e de lecture estim\u00e9e":"1 minute"},"schema":{"@context":"https:\/\/schema.org","@graph":[{"@type":"WebPage","@id":"https:\/\/novamob.fr\/","url":"https:\/\/novamob.fr\/","name":"Novamob, le meilleur du mobilier design au meilleur prix en Dordogne","isPartOf":{"@id":"https:\/\/novamob.fr\/#website"},"datePublished":"2025-04-12T16:26:08+00:00","dateModified":"2025-04-15T09:39:40+00:00","description":"Boutique de mobilier design \u00e0 P\u00e9rigueux, Novamob vous propose les meilleures marques et meilleurs designers pour \u00e9quiper vos int\u00e9rieurs.","breadcrumb":{"@id":"https:\/\/novamob.fr\/#breadcrumb"},"inLanguage":"fr-FR","potentialAction":[{"@type":"ReadAction","target":["https:\/\/novamob.fr\/"]}]},{"@type":"BreadcrumbList","@id":"https:\/\/novamob.fr\/#breadcrumb","itemListElement":[{"@type":"ListItem","position":1,"name":"Accueil","item":"https:\/\/novamob.fr\/"},{"@type":"ListItem","position":2,"name":"accueil"}]},{"@type":"WebSite","@id":"https:\/\/novamob.fr\/#website","url":"https:\/\/novamob.fr\/","name":"Novamob","description":"mobilier design des meilleurs designers au meilleur prix","publisher":{"@id":"https:\/\/novamob.fr\/#organization"},"potentialAction":[{"@type":"SearchAction","target":{"@type":"EntryPoint","urlTemplate":"https:\/\/novamob.fr\/?s={search_term_string}"},"query-input":{"@type":"PropertyValueSpecification","valueRequired":true,"valueName":"search_term_string"}}],"inLanguage":"fr-FR"},{"@type":"Organization","@id":"https:\/\/novamob.fr\/#organization","name":"Novamob","url":"https:\/\/novamob.fr\/","logo":{"@type":"ImageObject","inLanguage":"fr-FR","@id":"https:\/\/novamob.fr\/#\/schema\/logo\/image\/","url":"https:\/\/novamob.fr\/wp-content\/uploads\/2025\/04\/novamob-mobilier-design.jpg","contentUrl":"https:\/\/novamob.fr\/wp-content\/uploads\/2025\/04\/novamob-mobilier-design.jpg","width":400,"height":225,"caption":"Novamob"},"image":{"@id":"https:\/\/novamob.fr\/#\/schema\/logo\/image\/"}}]}},"_links":{"self":[{"href":"https:\/\/novamob.fr\/index.php?rest_route=\/wp\/v2\/pages\/22","targetHints":{"allow":["GET"]}}],"collection":[{"href":"https:\/\/novamob.fr\/index.php?rest_route=\/wp\/v2\/pages"}],"about":[{"href":"https:\/\/novamob.fr\/index.php?rest_route=\/wp\/v2\/types\/page"}],"author":[{"embeddable":true,"href":"https:\/\/novamob.fr\/index.php?rest_route=\/wp\/v2\/users\/1"}],"replies":[{"embeddable":true,"href":"https:\/\/novamob.fr\/index.php?rest_route=%2Fwp%2Fv2%2Fcomments&post=22"}],"version-history":[{"count":1,"href":"https:\/\/novamob.fr\/index.php?rest_route=\/wp\/v2\/pages\/22\/revisions"}],"predecessor-version":[{"id":24,"href":"https:\/\/novamob.fr\/index.php?rest_route=\/wp\/v2\/pages\/22\/revisions\/24"}],"wp:attachment":[{"href":"https:\/\/novamob.fr\/index.php?rest_route=%2Fwp%2Fv2%2Fmedia&parent=22"}],"curies":[{"name":"wp","href":"https:\/\/api.w.org\/{rel}","templated":true}]}}